{"id":618,"date":"2016-07-21T14:29:37","date_gmt":"2016-07-21T14:29:37","guid":{"rendered":"http:\/\/118.102.206.67\/wp\/yacht1\/?page_id=618"},"modified":"2026-03-29T22:18:06","modified_gmt":"2026-03-29T20:18:06","slug":"home-2","status":"publish","type":"page","link":"https:\/\/rtyachting.de\/","title":{"rendered":"Home 2"},"content":{"rendered":"<div class=\"wpb-content-wrapper\"><p>[vc_row][vc_column][vc_column_text][\/vc_column_text][\/vc_column][\/vc_row][vc_row css=&#8221;.vc_custom_1469693390707{padding-top: 80px !important;padding-bottom: 30px !important;}&#8221; el_class=&#8221;y-our_services&#8221;][vc_column][vc_row_inner][vc_column_inner width=&#8221;1\/4&#8243; css=&#8221;.vc_custom_1470230923986{padding-top: 0px !important;padding-bottom: 0px !important;}&#8221;][vc_column_text el_class=&#8221;y-service_inner&#8221; css=&#8221;.vc_custom_1774814360855{padding-top: 0px !important;}&#8221;]<img decoding=\"async\" class=\"img-responsive\" src=\"https:\/\/rtyachting.de\/wp-content\/uploads\/2021\/02\/catamaran_324x324.jpg\" alt=\"hire_us\" \/><\/p>\n<div class=\"y-servie_info\">\n<h4><a href=\"#\">Catamaran Segeln lernen<\/a><\/h4>\n<p>Die Owners Version der 421 Lagoon 2016 hat drei Kaj\u00fcten, drei Duschen und drei Toiletten. Zwischen den beiden R\u00fcmpfen befindet sich der Saloon.<\/p>\n<\/div>\n<p>[\/vc_column_text][\/vc_column_inner][vc_column_inner width=&#8221;1\/4&#8243;][vc_column_text el_class=&#8221;y-service_inner&#8221; css=&#8221;.vc_custom_1774815482471{padding-top: 0px !important;}&#8221;]<img loading=\"lazy\" decoding=\"async\" class=\"alignnone size-medium wp-image-2619\" src=\"https:\/\/rtyachting.de\/wp-content\/uploads\/2026\/03\/Bootshow_Palma-300x300.jpg\" alt=\"\" width=\"300\" height=\"300\" srcset=\"https:\/\/rtyachting.de\/wp-content\/uploads\/2026\/03\/Bootshow_Palma-300x300.jpg 300w, https:\/\/rtyachting.de\/wp-content\/uploads\/2026\/03\/Bootshow_Palma-1024x1024.jpg 1024w, https:\/\/rtyachting.de\/wp-content\/uploads\/2026\/03\/Bootshow_Palma-150x150.jpg 150w, https:\/\/rtyachting.de\/wp-content\/uploads\/2026\/03\/Bootshow_Palma-768x768.jpg 768w, https:\/\/rtyachting.de\/wp-content\/uploads\/2026\/03\/Bootshow_Palma-370x370.jpg 370w, https:\/\/rtyachting.de\/wp-content\/uploads\/2026\/03\/Bootshow_Palma-270x270.jpg 270w, https:\/\/rtyachting.de\/wp-content\/uploads\/2026\/03\/Bootshow_Palma-324x324.jpg 324w, https:\/\/rtyachting.de\/wp-content\/uploads\/2026\/03\/Bootshow_Palma-72x72.jpg 72w, https:\/\/rtyachting.de\/wp-content\/uploads\/2026\/03\/Bootshow_Palma-153x153.jpg 153w, https:\/\/rtyachting.de\/wp-content\/uploads\/2026\/03\/Bootshow_Palma-60x60.jpg 60w, https:\/\/rtyachting.de\/wp-content\/uploads\/2026\/03\/Bootshow_Palma-123x123.jpg 123w, https:\/\/rtyachting.de\/wp-content\/uploads\/2026\/03\/Bootshow_Palma-650x650.jpg 650w, https:\/\/rtyachting.de\/wp-content\/uploads\/2026\/03\/Bootshow_Palma-259x259.jpg 259w, https:\/\/rtyachting.de\/wp-content\/uploads\/2026\/03\/Bootshow_Palma-600x600.jpg 600w, https:\/\/rtyachting.de\/wp-content\/uploads\/2026\/03\/Bootshow_Palma-100x100.jpg 100w, https:\/\/rtyachting.de\/wp-content\/uploads\/2026\/03\/Bootshow_Palma.jpg 1200w\" sizes=\"auto, (max-width: 300px) 100vw, 300px\" \/><\/p>\n<div class=\"y-servie_info\">\n<h4>Wir verkaufen Ihre Yacht<\/h4>\n<p>Im Laufe der letzten 20 Jahre durften wir uns zuerst am Gardasee und sp\u00e4ter im Mittelmeer mit den verschiedensten Bootstypen besch\u00e4ftigen. Das rtYachting Team hilft Ihnen ihre Yacht bestm\u00f6glichst auf dem globalen Markt zu verkaufen.<\/p>\n<\/div>\n<p>[\/vc_column_text][\/vc_column_inner][vc_column_inner width=&#8221;1\/4&#8243;][vc_column_text el_class=&#8221;y-service_inner&#8221; css=&#8221;.vc_custom_1712322211871{padding-top: 0px !important;}&#8221;]<img decoding=\"async\" class=\"img-responsive\" src=\"https:\/\/rtyachting.de\/wp-content\/uploads\/2024\/04\/lena_324x324.png\" alt=\"hire_us\" \/><\/p>\n<div class=\"y-servie_info\">\n<h4><a href=\"#\">Spa auf dem Wasser<br \/>\n<\/a><\/h4>\n<p>KEENWELL sowie Luxus-Naturkosmetik<br \/>\nvon WHERTEIMAR finden Sie hier:<br \/>\n<a href=\"https:\/\/shop.mediterra-cosmetics.de\/\" target=\"_blank\" rel=\"noopener\">mediterra-cosmetics.de<\/a><\/p>\n<\/div>\n<p>[\/vc_column_text][\/vc_column_inner][vc_column_inner width=&#8221;1\/4&#8243;][vc_column_text el_class=&#8221;y-service_inner&#8221; css=&#8221;.vc_custom_1731785233848{padding-top: 0px !important;}&#8221;]<a href=\"#\"><img loading=\"lazy\" decoding=\"async\" class=\"img-responsive\" src=\"https:\/\/rtyachting.de\/wp-content\/uploads\/2024\/11\/dilly_dally_istec_parasail_340_340.jpg\" alt=\"Dilly Dally\" width=\"324\" height=\"324\" \/><\/a><\/p>\n<div class=\"y-servie_info\">\n<h4><a href=\"https:\/\/www.youtube.com\/watch?v=_Tm431OJopw\">Dilly Dally<\/a><\/h4>\n<p>Aktuelle Beitr\u00e4ge von der Sailing Dilly-Dally.<\/p>\n<\/div>\n<p>[\/vc_column_text][\/vc_column_inner][\/vc_row_inner][\/vc_column][\/vc_row][vc_row el_class=&#8221;y-book_today&#8221; css=&#8221;.vc_custom_1474954063100{padding-top: 20px !important;padding-bottom: 0px !important;}&#8221;][vc_column][vc_row_inner][vc_column_inner width=&#8221;7\/12&#8243;][vc_column_text el_class=&#8221;y-section_content&#8221;][\/vc_column_text]\n\t\t\t<!-- START home REVOLUTION SLIDER 6.3.5 --><p class=\"rs-p-wp-fix\"><\/p>\n\t\t\t<rs-module-wrap id=\"rev_slider_7_1_wrapper\" data-source=\"gallery\" style=\"background:transparent;padding:0;margin:0px auto;margin-top:0;margin-bottom:0;\">\n\t\t\t\t<rs-module id=\"rev_slider_7_1\" style=\"\" data-version=\"6.3.5\">\n\t\t\t\t\t<rs-slides>\n\t\t\t\t\t\t<rs-slide data-key=\"rs-22\" data-title=\"Slide\" data-anim=\"ei:d;eo:d;s:1000;r:0;t:fade;sl:0;\">\n\t\t\t\t\t\t\t<img decoding=\"async\" src=\"\/\/rtyachting.de\/wp-content\/plugins\/revslider\/public\/assets\/assets\/transparent.png\" title=\"Home 2\" class=\"rev-slidebg\" data-no-retina>\n\t\t\t\t\t\t\t<rs-bgvideo \n\t\t\t\t\t\t\t\tdata-video=\"w:100%;h:100%;nse:false;sat:true;l:true;ptimer:false;\"\n\t\t\t\t\t\t\t\tdata-mp4=\"\/\/rtyachting.de\/wp-content\/uploads\/2021\/02\/Urlaub-auf-Lagoon-421-WE-DUN-IT.mp4\"\n\t\t\t\t\t\t\t><\/rs-bgvideo>\n<!---->\t\t\t\t\t\t<\/rs-slide>\n\t\t\t\t\t<\/rs-slides>\n\t\t\t\t<\/rs-module>\n\t\t\t\t<script type=\"text\/javascript\">\n\t\t\t\t\tsetREVStartSize({c: 'rev_slider_7_1',rl:[1240,1024,778,480],el:[900,768,960,720],gw:[1240,1024,778,480],gh:[900,768,960,720],type:'hero',justify:'',layout:'fullwidth',mh:\"0\"});\n\t\t\t\t\tvar\trevapi7,\n\t\t\t\t\t\ttpj;\n\t\t\t\t\tfunction revinit_revslider71() {\n\t\t\t\t\tjQuery(function() {\n\t\t\t\t\t\ttpj = jQuery;\n\t\t\t\t\t\trevapi7 = tpj(\"#rev_slider_7_1\");\n\t\t\t\t\t\tif(revapi7==undefined || revapi7.revolution == undefined){\n\t\t\t\t\t\t\trevslider_showDoubleJqueryError(\"rev_slider_7_1\");\n\t\t\t\t\t\t}else{\n\t\t\t\t\t\t\trevapi7.revolution({\n\t\t\t\t\t\t\t\tsliderType:\"hero\",\n\t\t\t\t\t\t\t\tvisibilityLevels:\"1240,1024,778,480\",\n\t\t\t\t\t\t\t\tgridwidth:\"1240,1024,778,480\",\n\t\t\t\t\t\t\t\tgridheight:\"900,768,960,720\",\n\t\t\t\t\t\t\t\tenableUpscaling:true,\n\t\t\t\t\t\t\t\tperspective:600,\n\t\t\t\t\t\t\t\tperspectiveType:\"global\",\n\t\t\t\t\t\t\t\teditorheight:\"900,768,960,720\",\n\t\t\t\t\t\t\t\tresponsiveLevels:\"1240,1024,778,480\",\n\t\t\t\t\t\t\t\tprogressBar:{disableProgressBar:true},\n\t\t\t\t\t\t\t\tnavigation: {\n\t\t\t\t\t\t\t\t\tonHoverStop:false\n\t\t\t\t\t\t\t\t},\n\t\t\t\t\t\t\t\tfallbacks: {\n\t\t\t\t\t\t\t\t\tallowHTML5AutoPlayOnAndroid:true\n\t\t\t\t\t\t\t\t},\n\t\t\t\t\t\t\t});\n\t\t\t\t\t\t}\n\t\t\t\t\t\t\n\t\t\t\t\t});\n\t\t\t\t\t} \/\/ End of RevInitScript\n\t\t\t\tvar once_revslider71 = false;\n\t\t\t\tif (document.readyState === \"loading\") {document.addEventListener('readystatechange',function() { if((document.readyState === \"interactive\" || document.readyState === \"complete\") && !once_revslider71 ) { once_revslider71 = true; revinit_revslider71();}});} else {once_revslider71 = true; revinit_revslider71();}\n\t\t\t\t<\/script>\n\t\t\t<\/rs-module-wrap>\n\t\t\t<!-- END REVOLUTION SLIDER -->\n[\/vc_column_inner][vc_column_inner width=&#8221;1\/12&#8243;][\/vc_column_inner][vc_column_inner width=&#8221;1\/3&#8243;][vc_column_text el_class=&#8221;y-contact_side&#8221; css=&#8221;.vc_custom_1619428314335{margin-bottom: 0px !important;}&#8221;]<\/p>\n<h3>Verf\u00fcgbarkeit<\/h3>\n<div class=\"wpcf7 no-js\" id=\"wpcf7-f202-o1\" lang=\"en-US\" dir=\"ltr\">\n<div class=\"screen-reader-response\"><p role=\"status\" aria-live=\"polite\" aria-atomic=\"true\"><\/p> <ul><\/ul><\/div>\n<form action=\"\/index.php\/wp-json\/wp\/v2\/pages\/618#wpcf7-f202-o1\" method=\"post\" class=\"wpcf7-form init y-form\" aria-label=\"Contact form\" novalidate=\"novalidate\" data-status=\"init\">\n<div style=\"display: none;\">\n<input type=\"hidden\" name=\"_wpcf7\" value=\"202\" \/>\n<input type=\"hidden\" name=\"_wpcf7_version\" value=\"5.8.4\" \/>\n<input type=\"hidden\" name=\"_wpcf7_locale\" value=\"en_US\" \/>\n<input type=\"hidden\" name=\"_wpcf7_unit_tag\" value=\"wpcf7-f202-o1\" \/>\n<input type=\"hidden\" name=\"_wpcf7_container_post\" value=\"0\" \/>\n<input type=\"hidden\" name=\"_wpcf7_posted_data_hash\" value=\"\" \/>\n<\/div>\n<div class=\"y-select_half clearfix\">\n\t<p><span class=\"wpcf7-form-control-wrap\" data-name=\"first_name\"><input size=\"40\" class=\"wpcf7-form-control wpcf7-text first_name\" id=\"first_name\" aria-invalid=\"false\" placeholder=\"First Name\" value=\"\" type=\"text\" name=\"first_name\" \/><\/span><span class=\"wpcf7-form-control-wrap\" data-name=\"last_name\"><input size=\"40\" class=\"wpcf7-form-control wpcf7-text last_name\" id=\"last_name\" aria-invalid=\"false\" placeholder=\"Last Name\" value=\"\" type=\"text\" name=\"last_name\" \/><\/span>\n\t<\/p>\n<\/div>\n<p><span class=\"wpcf7-form-control-wrap\" data-name=\"email\"><input size=\"40\" class=\"wpcf7-form-control wpcf7-email wpcf7-validates-as-required wpcf7-text wpcf7-validates-as-email email\" id=\"email\" aria-required=\"true\" aria-invalid=\"false\" placeholder=\"Email\" value=\"\" type=\"email\" name=\"email\" \/><\/span><br \/>\n<span class=\"wpcf7-form-control-wrap\" data-name=\"mobile\"><input size=\"40\" class=\"wpcf7-form-control wpcf7-tel wpcf7-text wpcf7-validates-as-tel mobile\" id=\"mobile\" aria-invalid=\"false\" placeholder=\"Mobile Number\" value=\"\" type=\"tel\" name=\"mobile\" \/><\/span><br \/>\n<span class=\"wpcf7-form-control-wrap\" data-name=\"destination\"><input size=\"40\" class=\"wpcf7-form-control wpcf7-text destination\" id=\"destination\" aria-invalid=\"false\" placeholder=\"Destination\" value=\"\" type=\"text\" name=\"destination\" \/><\/span><br \/>\n<span class=\"wpcf7-form-control-wrap\" data-name=\"message\"><textarea cols=\"40\" rows=\"10\" class=\"wpcf7-form-control wpcf7-textarea message\" id=\"message\" aria-invalid=\"false\" placeholder=\"Message\" name=\"message\"><\/textarea><\/span><br \/>\n<input class=\"wpcf7-form-control wpcf7-submit has-spinner y-button\" id=\"y-button\" type=\"submit\" value=\"Submit\" \/>\n<\/p><div class=\"wpcf7-response-output\" aria-hidden=\"true\"><\/div>\n<\/form>\n<\/div>\n[\/vc_column_text][\/vc_column_inner][\/vc_row_inner][\/vc_column][\/vc_row][vc_row css=&#8221;.vc_custom_1469773105305{padding-top: 90px !important;}&#8221;][vc_column css=&#8221;.vc_custom_1474954276658{margin-bottom: 0px !important;}&#8221;][bloglisting post_display_style=&#8221;style_two&#8221;][\/vc_column][\/vc_row][vc_row el_class=&#8221;y-popular_destination&#8221;][vc_column][vc_row_inner css=&#8221;.vc_custom_1474954347096{margin-bottom: 0px !important;}&#8221;][vc_column_inner][vc_custom_heading text=&#8221;Popular Destinations&#8221; font_container=&#8221;tag:h2|text_align:center&#8221; use_theme_fonts=&#8221;yes&#8221; font_weight=&#8221;normal&#8221;][destinations number_posts=&#8221;3&#8243; count=&#8221;3&#8243;][\/vc_column_inner][\/vc_row_inner][\/vc_column][\/vc_row][vc_row type=&#8221;container-fluid&#8221; background_attachment=&#8221;fixed&#8221; el_id=&#8221;y-client_says_section&#8221; css=&#8221;.vc_custom_1501158335382{padding-top: 40px !important;padding-bottom: 40px !important;background-image: url(https:\/\/rtyachting.de\/wp-content\/uploads\/2016\/07\/clients_bg_2.jpg?id=2101) !important;background-position: center !important;background-repeat: no-repeat !important;background-size: cover !important;}&#8221;][vc_column][testimonialowlcarousel number_posts=&#8221;-1&#8243; count=&#8221;3&#8243;][\/vc_column][\/vc_row][vc_row][vc_column][vc_column_text]Wir bringen Ihnen das Katamaran Segeln bei. Dabei Lernen Sie interessante neue Segelaspekte, erleben nebenbei eine Menge Abenteuer und genie\u00dfen die Natur und das Meer. Dieser Katamaran bietet alles was das Herz begehrt.[\/vc_column_text][\/vc_column][\/vc_row]<\/p>\n<\/div>","protected":false},"excerpt":{"rendered":"<p>[vc_row][vc_column][vc_column_text][\/vc_column_text][\/vc_column][\/vc_row][vc_row css=&#8221;.vc_custom_1469693390707{padding-top: 80px !important;padding-bottom: 30px !important;}&#8221; el_class=&#8221;y-our_services&#8221;][vc_column][vc_row_inner][vc_column_inner width=&#8221;1\/4&#8243; css=&#8221;.vc_custom_1470230923986{padding-top: 0px !important;padding-bottom: 0px !important;}&#8221;][vc_column_text el_class=&#8221;y-service_inner&#8221; css=&#8221;.vc_custom_1774814360855{padding-top: 0px !important;}&#8221;] Catamaran Segeln lernen Die Owners Version der 421 Lagoon 2016 hat drei Kaj\u00fcten, drei Duschen und drei Toiletten. Zwischen den beiden R\u00fcmpfen befindet sich der Saloon. [\/vc_column_text][\/vc_column_inner][vc_column_inner width=&#8221;1\/4&#8243;][vc_column_text el_class=&#8221;y-service_inner&#8221; css=&#8221;.vc_custom_1774815482471{padding-top: 0px !important;}&#8221;] Wir verkaufen Ihre Yacht Im Laufe &hellip; <a href=\"https:\/\/rtyachting.de\/\" class=\"more-link\">Continue reading <span class=\"screen-reader-text\">Home 2<\/span><\/a><\/p>\n","protected":false},"author":1,"featured_media":0,"parent":0,"menu_order":0,"comment_status":"closed","ping_status":"closed","template":"page-templates\/template-home.php","meta":{"footnotes":""},"class_list":["post-618","page","type-page","status-publish","hentry"],"_links":{"self":[{"href":"https:\/\/rtyachting.de\/index.php\/wp-json\/wp\/v2\/pages\/618","targetHints":{"allow":["GET"]}}],"collection":[{"href":"https:\/\/rtyachting.de\/index.php\/wp-json\/wp\/v2\/pages"}],"about":[{"href":"https:\/\/rtyachting.de\/index.php\/wp-json\/wp\/v2\/types\/page"}],"author":[{"embeddable":true,"href":"https:\/\/rtyachting.de\/index.php\/wp-json\/wp\/v2\/users\/1"}],"replies":[{"embeddable":true,"href":"https:\/\/rtyachting.de\/index.php\/wp-json\/wp\/v2\/comments?post=618"}],"version-history":[{"count":66,"href":"https:\/\/rtyachting.de\/index.php\/wp-json\/wp\/v2\/pages\/618\/revisions"}],"predecessor-version":[{"id":2620,"href":"https:\/\/rtyachting.de\/index.php\/wp-json\/wp\/v2\/pages\/618\/revisions\/2620"}],"wp:attachment":[{"href":"https:\/\/rtyachting.de\/index.php\/wp-json\/wp\/v2\/media?parent=618"}],"curies":[{"name":"wp","href":"https:\/\/api.w.org\/{rel}","templated":true}]}}